{"id":1944,"date":"2023-04-17T18:05:16","date_gmt":"2023-04-17T16:05:16","guid":{"rendered":"https:\/\/weblayout.cck-print-media.de\/projekt5\/?page_id=1944"},"modified":"2025-12-02T14:56:39","modified_gmt":"2025-12-02T13:56:39","slug":"arrangements","status":"publish","type":"page","link":"https:\/\/www.hadpc.com\/en\/arrangements\/","title":{"rendered":"Arrangements"},"content":{"rendered":"<div data-elementor-type=\"wp-page\" data-elementor-id=\"1944\" class=\"elementor elementor-1944\" data-elementor-post-type=\"page\">\n\t\t\t\t\t\t<section class=\"elementor-section elementor-top-section elementor-element elementor-element-27420513 elementor-section-content-middle elementor-section-height-min-height elementor-section-boxed elementor-section-height-default elementor-section-items-middle\" data-id=\"27420513\" data-element_type=\"section\" data-e-type=\"section\" data-settings=\"{&quot;background_background&quot;:&quot;classic&quot;}\">\n\t\t\t\t\t\t\t<div class=\"elementor-background-overlay\"><\/div>\n\t\t\t\t\t\t\t<div class=\"elementor-container elementor-column-gap-wider\">\n\t\t\t\t\t<div class=\"elementor-column elementor-col-100 elementor-top-column elementor-element elementor-element-7df4a3d3\" data-id=\"7df4a3d3\" data-element_type=\"column\" data-e-type=\"column\">\n\t\t\t<div class=\"elementor-widget-wrap elementor-element-populated\">\n\t\t\t\t\t\t<div class=\"elementor-element elementor-element-42306c70 animated-slow elementor-invisible elementor-widget elementor-widget-image\" data-id=\"42306c70\" data-element_type=\"widget\" data-e-type=\"widget\" data-settings=\"{&quot;_animation&quot;:&quot;fadeIn&quot;}\" data-widget_type=\"image.default\">\n\t\t\t\t<div class=\"elementor-widget-container\">\n\t\t\t\t\t\t\t\t\t\t\t\t\t\t\t<img fetchpriority=\"high\" decoding=\"async\" width=\"1401\" height=\"258\" src=\"https:\/\/www.hadpc.com\/wp-content\/uploads\/2023\/07\/logo_an_der_philharmonie_weiss2.png\" class=\"attachment-full size-full wp-image-2457\" alt=\"\" srcset=\"https:\/\/www.hadpc.com\/wp-content\/uploads\/2023\/07\/logo_an_der_philharmonie_weiss2.png 1401w, https:\/\/www.hadpc.com\/wp-content\/uploads\/2023\/07\/logo_an_der_philharmonie_weiss2-300x55.png 300w, https:\/\/www.hadpc.com\/wp-content\/uploads\/2023\/07\/logo_an_der_philharmonie_weiss2-1024x189.png 1024w, https:\/\/www.hadpc.com\/wp-content\/uploads\/2023\/07\/logo_an_der_philharmonie_weiss2-768x141.png 768w\" sizes=\"(max-width: 1401px) 100vw, 1401px\" \/>\t\t\t\t\t\t\t\t\t\t\t\t\t\t\t<\/div>\n\t\t\t\t<\/div>\n\t\t\t\t\t<\/div>\n\t\t<\/div>\n\t\t\t\t\t<\/div>\n\t\t<\/section>\n\t\t\t\t<section class=\"elementor-section elementor-top-section elementor-element elementor-element-5c909721 elementor-section-content-middle elementor-section-boxed elementor-section-height-default elementor-section-height-default\" data-id=\"5c909721\" data-element_type=\"section\" data-e-type=\"section\">\n\t\t\t\t\t\t<div class=\"elementor-container elementor-column-gap-no\">\n\t\t\t\t\t<div class=\"elementor-column elementor-col-100 elementor-top-column elementor-element elementor-element-a6855c3\" data-id=\"a6855c3\" data-element_type=\"column\" data-e-type=\"column\">\n\t\t\t<div class=\"elementor-widget-wrap elementor-element-populated\">\n\t\t\t\t\t\t<div class=\"elementor-element elementor-element-5e963000 elementor-widget elementor-widget-text-editor\" data-id=\"5e963000\" data-element_type=\"widget\" data-e-type=\"widget\" data-widget_type=\"text-editor.default\">\n\t\t\t\t<div class=\"elementor-widget-container\">\n\t\t\t\t\t\t\t\t\t<h1>Selected arrangements<\/h1>\t\t\t\t\t\t\t\t<\/div>\n\t\t\t\t<\/div>\n\t\t\t\t<div class=\"elementor-element elementor-element-67a7e4d6 elementor-widget elementor-widget-text-editor\" data-id=\"67a7e4d6\" data-element_type=\"widget\" data-e-type=\"widget\" data-widget_type=\"text-editor.default\">\n\t\t\t\t<div class=\"elementor-widget-container\">\n\t\t\t\t\t\t\t\t\t<p class=\"align-center\">Our arrangements are offers that provide you with a very special stay in Cologne and in our hotel.<\/p>\t\t\t\t\t\t\t\t<\/div>\n\t\t\t\t<\/div>\n\t\t\t\t\t<\/div>\n\t\t<\/div>\n\t\t\t\t\t<\/div>\n\t\t<\/section>\n\t\t\t\t<section class=\"elementor-section elementor-top-section elementor-element elementor-element-0343a3f elementor-section-boxed elementor-section-height-default elementor-section-height-default\" data-id=\"0343a3f\" data-element_type=\"section\" data-e-type=\"section\">\n\t\t\t\t\t\t<div class=\"elementor-container elementor-column-gap-default\">\n\t\t\t\t\t<div class=\"elementor-column elementor-col-50 elementor-top-column elementor-element elementor-element-e53814f animated-slow elementor-invisible\" data-id=\"e53814f\" data-element_type=\"column\" data-e-type=\"column\" data-settings=\"{&quot;animation&quot;:&quot;fadeInLeft&quot;}\">\n\t\t\t<div class=\"elementor-widget-wrap elementor-element-populated\">\n\t\t\t\t\t\t<div class=\"elementor-element elementor-element-9635b8c elementor-widget elementor-widget-image\" data-id=\"9635b8c\" data-element_type=\"widget\" data-e-type=\"widget\" data-widget_type=\"image.default\">\n\t\t\t\t<div class=\"elementor-widget-container\">\n\t\t\t\t\t\t\t\t\t\t\t\t\t\t\t<img decoding=\"async\" width=\"1920\" height=\"1280\" src=\"https:\/\/www.hadpc.com\/wp-content\/uploads\/2023\/04\/koeln4-1.jpg\" class=\"attachment-full size-full wp-image-1298\" alt=\"\" srcset=\"https:\/\/www.hadpc.com\/wp-content\/uploads\/2023\/04\/koeln4-1.jpg 1920w, https:\/\/www.hadpc.com\/wp-content\/uploads\/2023\/04\/koeln4-1-300x200.jpg 300w, https:\/\/www.hadpc.com\/wp-content\/uploads\/2023\/04\/koeln4-1-1024x683.jpg 1024w, https:\/\/www.hadpc.com\/wp-content\/uploads\/2023\/04\/koeln4-1-768x512.jpg 768w, https:\/\/www.hadpc.com\/wp-content\/uploads\/2023\/04\/koeln4-1-1536x1024.jpg 1536w\" sizes=\"(max-width: 1920px) 100vw, 1920px\" \/>\t\t\t\t\t\t\t\t\t\t\t\t\t\t\t<\/div>\n\t\t\t\t<\/div>\n\t\t\t\t\t<\/div>\n\t\t<\/div>\n\t\t\t\t<div class=\"elementor-column elementor-col-50 elementor-top-column elementor-element elementor-element-79d90f8\" data-id=\"79d90f8\" data-element_type=\"column\" data-e-type=\"column\">\n\t\t\t<div class=\"elementor-widget-wrap elementor-element-populated\">\n\t\t\t\t\t\t<div class=\"elementor-element elementor-element-747fa23 elementor-widget elementor-widget-text-editor\" data-id=\"747fa23\" data-element_type=\"widget\" data-e-type=\"widget\" data-widget_type=\"text-editor.default\">\n\t\t\t\t<div class=\"elementor-widget-container\">\n\t\t\t\t\t\t\t\t\t<h1>ARRANGEMENTS 1<\/h1>\t\t\t\t\t\t\t\t<\/div>\n\t\t\t\t<\/div>\n\t\t\t\t<div class=\"elementor-element elementor-element-a41d2d5 elementor-widget elementor-widget-text-editor\" data-id=\"a41d2d5\" data-element_type=\"widget\" data-e-type=\"widget\" data-widget_type=\"text-editor.default\">\n\t\t\t\t<div class=\"elementor-widget-container\">\n\t\t\t\t\t\t\t\t\t<p class=\"align-center\">follows shortly<\/p>\t\t\t\t\t\t\t\t<\/div>\n\t\t\t\t<\/div>\n\t\t\t\t\t<\/div>\n\t\t<\/div>\n\t\t\t\t\t<\/div>\n\t\t<\/section>\n\t\t\t\t<section class=\"elementor-section elementor-top-section elementor-element elementor-element-0a990d1 elementor-section-boxed elementor-section-height-default elementor-section-height-default\" data-id=\"0a990d1\" data-element_type=\"section\" data-e-type=\"section\">\n\t\t\t\t\t\t<div class=\"elementor-container elementor-column-gap-default\">\n\t\t\t\t\t<div class=\"elementor-column elementor-col-50 elementor-top-column elementor-element elementor-element-9a9cbff\" data-id=\"9a9cbff\" data-element_type=\"column\" data-e-type=\"column\">\n\t\t\t<div class=\"elementor-widget-wrap elementor-element-populated\">\n\t\t\t\t\t\t<div class=\"elementor-element elementor-element-e5546bc elementor-widget elementor-widget-text-editor\" data-id=\"e5546bc\" data-element_type=\"widget\" data-e-type=\"widget\" data-widget_type=\"text-editor.default\">\n\t\t\t\t<div class=\"elementor-widget-container\">\n\t\t\t\t\t\t\t\t\t<h1>ARRANGEMENTS 2<\/h1>\t\t\t\t\t\t\t\t<\/div>\n\t\t\t\t<\/div>\n\t\t\t\t<div class=\"elementor-element elementor-element-42647a7 elementor-widget elementor-widget-text-editor\" data-id=\"42647a7\" data-element_type=\"widget\" data-e-type=\"widget\" data-widget_type=\"text-editor.default\">\n\t\t\t\t<div class=\"elementor-widget-container\">\n\t\t\t\t\t\t\t\t\t<p class=\"align-center\">follows shortly<\/p>\t\t\t\t\t\t\t\t<\/div>\n\t\t\t\t<\/div>\n\t\t\t\t\t<\/div>\n\t\t<\/div>\n\t\t\t\t<div class=\"elementor-column elementor-col-50 elementor-top-column elementor-element elementor-element-fbfd7f8 animated-slow elementor-invisible\" data-id=\"fbfd7f8\" data-element_type=\"column\" data-e-type=\"column\" data-settings=\"{&quot;animation&quot;:&quot;fadeInRight&quot;}\">\n\t\t\t<div class=\"elementor-widget-wrap elementor-element-populated\">\n\t\t\t\t\t\t<div class=\"elementor-element elementor-element-9b0f8ad elementor-widget elementor-widget-image\" data-id=\"9b0f8ad\" data-element_type=\"widget\" data-e-type=\"widget\" data-widget_type=\"image.default\">\n\t\t\t\t<div class=\"elementor-widget-container\">\n\t\t\t\t\t\t\t\t\t\t\t\t\t\t\t<img decoding=\"async\" width=\"1920\" height=\"1280\" src=\"https:\/\/www.hadpc.com\/wp-content\/uploads\/2023\/07\/hotel-philharmonie-haus2.jpg\" class=\"attachment-full size-full wp-image-2400\" alt=\"\" srcset=\"https:\/\/www.hadpc.com\/wp-content\/uploads\/2023\/07\/hotel-philharmonie-haus2.jpg 1920w, https:\/\/www.hadpc.com\/wp-content\/uploads\/2023\/07\/hotel-philharmonie-haus2-300x200.jpg 300w, https:\/\/www.hadpc.com\/wp-content\/uploads\/2023\/07\/hotel-philharmonie-haus2-1024x683.jpg 1024w, https:\/\/www.hadpc.com\/wp-content\/uploads\/2023\/07\/hotel-philharmonie-haus2-768x512.jpg 768w, https:\/\/www.hadpc.com\/wp-content\/uploads\/2023\/07\/hotel-philharmonie-haus2-1536x1024.jpg 1536w\" sizes=\"(max-width: 1920px) 100vw, 1920px\" \/>\t\t\t\t\t\t\t\t\t\t\t\t\t\t\t<\/div>\n\t\t\t\t<\/div>\n\t\t\t\t\t<\/div>\n\t\t<\/div>\n\t\t\t\t\t<\/div>\n\t\t<\/section>\n\t\t\t\t<\/div>","protected":false},"excerpt":{"rendered":"<p>Ausgew\u00e4hlte Arrangements Unsere Arrangements sind Angebote, die Ihnen einen ganz besonderen Aufenthalt in K\u00f6ln und in unserem Hotel bieten. ARRANGEMENTS 1 folgt in K\u00fcrze ARRANGEMENTS 2 folgt in K\u00fcrze<\/p>","protected":false},"author":2,"featured_media":0,"parent":0,"menu_order":0,"comment_status":"closed","ping_status":"closed","template":"elementor_header_footer","meta":{"footnotes":""},"class_list":["post-1944","page","type-page","status-publish","hentry"],"yoast_head":"<!-- This site is optimized with the Yoast SEO plugin v27.5 - https:\/\/yoast.com\/product\/yoast-seo-wordpress\/ -->\n<title>Arrangements im Hotel an der Philharmonie \u2013 Exklusive Angebote<\/title>\n<meta name=\"description\" content=\"Entdecken Sie attraktive Arrangements im Hotel an der Philharmonie \u2013 Perfekte Pakete f\u00fcr Kultur, Entspannung und mehr.\" \/>\n<meta name=\"robots\" content=\"index, follow, max-snippet:-1, max-image-preview:large, max-video-preview:-1\" \/>\n<link rel=\"canonical\" href=\"https:\/\/www.hadpc.com\/en\/arrangements\/\" \/>\n<meta property=\"og:locale\" content=\"en_GB\" \/>\n<meta property=\"og:type\" content=\"article\" \/>\n<meta property=\"og:title\" content=\"Arrangements im Hotel an der Philharmonie \u2013 Exklusive Angebote\" \/>\n<meta property=\"og:description\" content=\"Entdecken Sie attraktive Arrangements im Hotel an der Philharmonie \u2013 Perfekte Pakete f\u00fcr Kultur, Entspannung und mehr.\" \/>\n<meta property=\"og:url\" content=\"https:\/\/www.hadpc.com\/en\/arrangements\/\" \/>\n<meta property=\"og:site_name\" content=\"Hotel An der Philharmonie\" \/>\n<meta property=\"article:modified_time\" content=\"2025-12-02T13:56:39+00:00\" \/>\n<meta property=\"og:image\" content=\"https:\/\/www.hadpc.com\/wp-content\/uploads\/2023\/07\/logo_an_der_philharmonie_weiss2.png\" \/>\n<meta name=\"twitter:card\" content=\"summary_large_image\" \/>\n<meta name=\"twitter:label1\" content=\"Estimated reading time\" \/>\n\t<meta name=\"twitter:data1\" content=\"1 minute\" \/>\n<script type=\"application\/ld+json\" class=\"yoast-schema-graph\">{\"@context\":\"https:\\\/\\\/schema.org\",\"@graph\":[{\"@type\":\"WebPage\",\"@id\":\"https:\\\/\\\/www.hadpc.com\\\/arrangements\\\/\",\"url\":\"https:\\\/\\\/www.hadpc.com\\\/arrangements\\\/\",\"name\":\"Arrangements im Hotel an der Philharmonie \u2013 Exklusive Angebote\",\"isPartOf\":{\"@id\":\"https:\\\/\\\/www.hadpc.com\\\/#website\"},\"primaryImageOfPage\":{\"@id\":\"https:\\\/\\\/www.hadpc.com\\\/arrangements\\\/#primaryimage\"},\"image\":{\"@id\":\"https:\\\/\\\/www.hadpc.com\\\/arrangements\\\/#primaryimage\"},\"thumbnailUrl\":\"https:\\\/\\\/www.hadpc.com\\\/wp-content\\\/uploads\\\/2023\\\/07\\\/logo_an_der_philharmonie_weiss2.png\",\"datePublished\":\"2023-04-17T16:05:16+00:00\",\"dateModified\":\"2025-12-02T13:56:39+00:00\",\"description\":\"Entdecken Sie attraktive Arrangements im Hotel an der Philharmonie \u2013 Perfekte Pakete f\u00fcr Kultur, Entspannung und mehr.\",\"breadcrumb\":{\"@id\":\"https:\\\/\\\/www.hadpc.com\\\/arrangements\\\/#breadcrumb\"},\"inLanguage\":\"en-GB\",\"potentialAction\":[{\"@type\":\"ReadAction\",\"target\":[\"https:\\\/\\\/www.hadpc.com\\\/arrangements\\\/\"]}]},{\"@type\":\"ImageObject\",\"inLanguage\":\"en-GB\",\"@id\":\"https:\\\/\\\/www.hadpc.com\\\/arrangements\\\/#primaryimage\",\"url\":\"https:\\\/\\\/www.hadpc.com\\\/wp-content\\\/uploads\\\/2023\\\/07\\\/logo_an_der_philharmonie_weiss2.png\",\"contentUrl\":\"https:\\\/\\\/www.hadpc.com\\\/wp-content\\\/uploads\\\/2023\\\/07\\\/logo_an_der_philharmonie_weiss2.png\"},{\"@type\":\"BreadcrumbList\",\"@id\":\"https:\\\/\\\/www.hadpc.com\\\/arrangements\\\/#breadcrumb\",\"itemListElement\":[{\"@type\":\"ListItem\",\"position\":1,\"name\":\"Startseite\",\"item\":\"https:\\\/\\\/www.hadpc.com\\\/\"},{\"@type\":\"ListItem\",\"position\":2,\"name\":\"Arrangements\"}]},{\"@type\":\"WebSite\",\"@id\":\"https:\\\/\\\/www.hadpc.com\\\/#website\",\"url\":\"https:\\\/\\\/www.hadpc.com\\\/\",\"name\":\"Hotel An der Philharmonie\",\"description\":\"Hotel An der Philharmonie in K\u00f6ln\",\"publisher\":{\"@id\":\"https:\\\/\\\/www.hadpc.com\\\/#organization\"},\"potentialAction\":[{\"@type\":\"SearchAction\",\"target\":{\"@type\":\"EntryPoint\",\"urlTemplate\":\"https:\\\/\\\/www.hadpc.com\\\/?s={search_term_string}\"},\"query-input\":{\"@type\":\"PropertyValueSpecification\",\"valueRequired\":true,\"valueName\":\"search_term_string\"}}],\"inLanguage\":\"en-GB\"},{\"@type\":\"Organization\",\"@id\":\"https:\\\/\\\/www.hadpc.com\\\/#organization\",\"name\":\"Hotel An der Philharmonie\",\"url\":\"https:\\\/\\\/www.hadpc.com\\\/\",\"logo\":{\"@type\":\"ImageObject\",\"inLanguage\":\"en-GB\",\"@id\":\"https:\\\/\\\/www.hadpc.com\\\/#\\\/schema\\\/logo\\\/image\\\/\",\"url\":\"https:\\\/\\\/www.hadpc.com\\\/wp-content\\\/uploads\\\/2020\\\/10\\\/logo_an_der_philharmonie_weiss.png\",\"contentUrl\":\"https:\\\/\\\/www.hadpc.com\\\/wp-content\\\/uploads\\\/2020\\\/10\\\/logo_an_der_philharmonie_weiss.png\",\"width\":459,\"height\":90,\"caption\":\"Hotel An der Philharmonie\"},\"image\":{\"@id\":\"https:\\\/\\\/www.hadpc.com\\\/#\\\/schema\\\/logo\\\/image\\\/\"}}]}<\/script>\n<!-- \/ Yoast SEO plugin. -->","yoast_head_json":{"title":"Arrangements im Hotel an der Philharmonie \u2013 Exklusive Angebote","description":"Entdecken Sie attraktive Arrangements im Hotel an der Philharmonie \u2013 Perfekte Pakete f\u00fcr Kultur, Entspannung und mehr.","robots":{"index":"index","follow":"follow","max-snippet":"max-snippet:-1","max-image-preview":"max-image-preview:large","max-video-preview":"max-video-preview:-1"},"canonical":"https:\/\/www.hadpc.com\/en\/arrangements\/","og_locale":"en_GB","og_type":"article","og_title":"Arrangements im Hotel an der Philharmonie \u2013 Exklusive Angebote","og_description":"Entdecken Sie attraktive Arrangements im Hotel an der Philharmonie \u2013 Perfekte Pakete f\u00fcr Kultur, Entspannung und mehr.","og_url":"https:\/\/www.hadpc.com\/en\/arrangements\/","og_site_name":"Hotel An der Philharmonie","article_modified_time":"2025-12-02T13:56:39+00:00","og_image":[{"url":"https:\/\/www.hadpc.com\/wp-content\/uploads\/2023\/07\/logo_an_der_philharmonie_weiss2.png","type":"","width":"","height":""}],"twitter_card":"summary_large_image","twitter_misc":{"Estimated reading time":"1 minute"},"schema":{"@context":"https:\/\/schema.org","@graph":[{"@type":"WebPage","@id":"https:\/\/www.hadpc.com\/arrangements\/","url":"https:\/\/www.hadpc.com\/arrangements\/","name":"Arrangements im Hotel an der Philharmonie \u2013 Exklusive Angebote","isPartOf":{"@id":"https:\/\/www.hadpc.com\/#website"},"primaryImageOfPage":{"@id":"https:\/\/www.hadpc.com\/arrangements\/#primaryimage"},"image":{"@id":"https:\/\/www.hadpc.com\/arrangements\/#primaryimage"},"thumbnailUrl":"https:\/\/www.hadpc.com\/wp-content\/uploads\/2023\/07\/logo_an_der_philharmonie_weiss2.png","datePublished":"2023-04-17T16:05:16+00:00","dateModified":"2025-12-02T13:56:39+00:00","description":"Entdecken Sie attraktive Arrangements im Hotel an der Philharmonie \u2013 Perfekte Pakete f\u00fcr Kultur, Entspannung und mehr.","breadcrumb":{"@id":"https:\/\/www.hadpc.com\/arrangements\/#breadcrumb"},"inLanguage":"en-GB","potentialAction":[{"@type":"ReadAction","target":["https:\/\/www.hadpc.com\/arrangements\/"]}]},{"@type":"ImageObject","inLanguage":"en-GB","@id":"https:\/\/www.hadpc.com\/arrangements\/#primaryimage","url":"https:\/\/www.hadpc.com\/wp-content\/uploads\/2023\/07\/logo_an_der_philharmonie_weiss2.png","contentUrl":"https:\/\/www.hadpc.com\/wp-content\/uploads\/2023\/07\/logo_an_der_philharmonie_weiss2.png"},{"@type":"BreadcrumbList","@id":"https:\/\/www.hadpc.com\/arrangements\/#breadcrumb","itemListElement":[{"@type":"ListItem","position":1,"name":"Startseite","item":"https:\/\/www.hadpc.com\/"},{"@type":"ListItem","position":2,"name":"Arrangements"}]},{"@type":"WebSite","@id":"https:\/\/www.hadpc.com\/#website","url":"https:\/\/www.hadpc.com\/","name":"Hotel An der Philharmonie","description":"Hotel An der Philharmonie in K\u00f6ln","publisher":{"@id":"https:\/\/www.hadpc.com\/#organization"},"potentialAction":[{"@type":"SearchAction","target":{"@type":"EntryPoint","urlTemplate":"https:\/\/www.hadpc.com\/?s={search_term_string}"},"query-input":{"@type":"PropertyValueSpecification","valueRequired":true,"valueName":"search_term_string"}}],"inLanguage":"en-GB"},{"@type":"Organization","@id":"https:\/\/www.hadpc.com\/#organization","name":"Hotel An der Philharmonie","url":"https:\/\/www.hadpc.com\/","logo":{"@type":"ImageObject","inLanguage":"en-GB","@id":"https:\/\/www.hadpc.com\/#\/schema\/logo\/image\/","url":"https:\/\/www.hadpc.com\/wp-content\/uploads\/2020\/10\/logo_an_der_philharmonie_weiss.png","contentUrl":"https:\/\/www.hadpc.com\/wp-content\/uploads\/2020\/10\/logo_an_der_philharmonie_weiss.png","width":459,"height":90,"caption":"Hotel An der Philharmonie"},"image":{"@id":"https:\/\/www.hadpc.com\/#\/schema\/logo\/image\/"}}]}},"_links":{"self":[{"href":"https:\/\/www.hadpc.com\/en\/wp-json\/wp\/v2\/pages\/1944","targetHints":{"allow":["GET"]}}],"collection":[{"href":"https:\/\/www.hadpc.com\/en\/wp-json\/wp\/v2\/pages"}],"about":[{"href":"https:\/\/www.hadpc.com\/en\/wp-json\/wp\/v2\/types\/page"}],"author":[{"embeddable":true,"href":"https:\/\/www.hadpc.com\/en\/wp-json\/wp\/v2\/users\/2"}],"replies":[{"embeddable":true,"href":"https:\/\/www.hadpc.com\/en\/wp-json\/wp\/v2\/comments?post=1944"}],"version-history":[{"count":37,"href":"https:\/\/www.hadpc.com\/en\/wp-json\/wp\/v2\/pages\/1944\/revisions"}],"predecessor-version":[{"id":2695,"href":"https:\/\/www.hadpc.com\/en\/wp-json\/wp\/v2\/pages\/1944\/revisions\/2695"}],"wp:attachment":[{"href":"https:\/\/www.hadpc.com\/en\/wp-json\/wp\/v2\/media?parent=1944"}],"curies":[{"name":"wp","href":"https:\/\/api.w.org\/{rel}","templated":true}]}}