{"id":491,"date":"2020-10-08T20:25:59","date_gmt":"2020-10-08T18:25:59","guid":{"rendered":"https:\/\/weblayout.cck-print-media.de\/projekt5\/?page_id=491"},"modified":"2023-12-18T13:23:01","modified_gmt":"2023-12-18T12:23:01","slug":"kontakt-anfahrt","status":"publish","type":"page","link":"https:\/\/www.hadpc.com\/en\/kontakt-anfahrt\/","title":{"rendered":"Contact\/Approach"},"content":{"rendered":"\t\t<div data-elementor-type=\"wp-page\" data-elementor-id=\"491\" class=\"elementor elementor-491\" data-elementor-post-type=\"page\">\n\t\t\t\t\t\t<section class=\"elementor-section elementor-top-section elementor-element elementor-element-342c31c5 elementor-section-height-min-height elementor-section-boxed elementor-section-height-default elementor-section-items-middle\" data-id=\"342c31c5\" data-element_type=\"section\" data-e-type=\"section\">\n\t\t\t\t\t\t\t<div class=\"elementor-background-overlay\"><\/div>\n\t\t\t\t\t\t\t<div class=\"elementor-container elementor-column-gap-default\">\n\t\t\t\t\t<div class=\"elementor-column elementor-col-100 elementor-top-column elementor-element elementor-element-5ef37df2 animated-slow elementor-invisible\" data-id=\"5ef37df2\" data-element_type=\"column\" data-e-type=\"column\" data-settings=\"{&quot;animation&quot;:&quot;slideInDown&quot;}\">\n\t\t\t<div class=\"elementor-widget-wrap\">\n\t\t\t\t\t\t\t<\/div>\n\t\t<\/div>\n\t\t\t\t\t<\/div>\n\t\t<\/section>\n\t\t\t\t<section class=\"elementor-section elementor-top-section elementor-element elementor-element-5dcac74 elementor-section-full_width elementor-section-height-default elementor-section-height-default\" data-id=\"5dcac74\" data-element_type=\"section\" data-e-type=\"section\" data-settings=\"{&quot;background_background&quot;:&quot;classic&quot;}\">\n\t\t\t\t\t\t\t<div class=\"elementor-background-overlay\"><\/div>\n\t\t\t\t\t\t\t<div class=\"elementor-container elementor-column-gap-default\">\n\t\t\t\t\t<div class=\"elementor-column elementor-col-100 elementor-top-column elementor-element elementor-element-0b39e57\" data-id=\"0b39e57\" data-element_type=\"column\" data-e-type=\"column\">\n\t\t\t<div class=\"elementor-widget-wrap elementor-element-populated\">\n\t\t\t\t\t\t<div class=\"elementor-element elementor-element-28600f7 elementor-widget elementor-widget-text-editor\" data-id=\"28600f7\" data-element_type=\"widget\" data-e-type=\"widget\" data-widget_type=\"text-editor.default\">\n\t\t\t\t<div class=\"elementor-widget-container\">\n\t\t\t\t\t\t\t\t\t<h1 class=\"csc-firstHeader\" style=\"text-align: center;\">Fragen und Anregungen<\/h1>\t\t\t\t\t\t\t\t<\/div>\n\t\t\t\t<\/div>\n\t\t\t\t<div class=\"elementor-element elementor-element-5d9ec66 elementor-widget elementor-widget-text-editor\" data-id=\"5d9ec66\" data-element_type=\"widget\" data-e-type=\"widget\" data-widget_type=\"text-editor.default\">\n\t\t\t\t<div class=\"elementor-widget-container\">\n\t\t\t\t\t\t\t\t\t<p style=\"text-align: center;\"><strong>unserer G\u00e4ste sind jederzeit willkommen. Nehmen Sie gerne Kontakt mit uns auf.<\/strong><\/p>\t\t\t\t\t\t\t\t<\/div>\n\t\t\t\t<\/div>\n\t\t\t\t\t<\/div>\n\t\t<\/div>\n\t\t\t\t\t<\/div>\n\t\t<\/section>\n\t\t\t\t<section class=\"elementor-section elementor-top-section elementor-element elementor-element-fee6fb4 elementor-section-boxed elementor-section-height-default elementor-section-height-default\" data-id=\"fee6fb4\" data-element_type=\"section\" data-e-type=\"section\">\n\t\t\t\t\t\t<div class=\"elementor-container elementor-column-gap-default\">\n\t\t\t\t\t<div class=\"elementor-column elementor-col-33 elementor-top-column elementor-element elementor-element-46ddf1ed\" data-id=\"46ddf1ed\" data-element_type=\"column\" data-e-type=\"column\">\n\t\t\t<div class=\"elementor-widget-wrap\">\n\t\t\t\t\t\t\t<\/div>\n\t\t<\/div>\n\t\t\t\t<div class=\"elementor-column elementor-col-33 elementor-top-column elementor-element elementor-element-24c7ca01\" data-id=\"24c7ca01\" data-element_type=\"column\" data-e-type=\"column\">\n\t\t\t<div class=\"elementor-widget-wrap elementor-element-populated\">\n\t\t\t\t\t\t<div class=\"elementor-element elementor-element-4b495274 elementor-widget elementor-widget-text-editor\" data-id=\"4b495274\" data-element_type=\"widget\" data-e-type=\"widget\" data-widget_type=\"text-editor.default\">\n\t\t\t\t<div class=\"elementor-widget-container\">\n\t\t\t\t\t\t\t\t\t<p><span style=\"color: #000000;\"><strong>HOTEL AN DER PHILHARMONIE<\/strong><br \/><\/span><span style=\"color: #000000;\">Gro\u00dfe Neugasse 36-38 | 50676 K\u00f6ln<\/span><br \/><span style=\"color: #000000;\">Telefon: +49 (0)221 &#8211; 258 06 79<\/span><br \/><span style=\"color: #000000;\"><a style=\"color: #000000;\" href=\"mailto:info@hadpc.com\" target=\"_blank\" rel=\"noopener\">info@hadpc.com<\/a><\/span><\/p>\t\t\t\t\t\t\t\t<\/div>\n\t\t\t\t<\/div>\n\t\t\t\t\t<\/div>\n\t\t<\/div>\n\t\t\t\t<div class=\"elementor-column elementor-col-33 elementor-top-column elementor-element elementor-element-683ef89a\" data-id=\"683ef89a\" data-element_type=\"column\" data-e-type=\"column\">\n\t\t\t<div class=\"elementor-widget-wrap\">\n\t\t\t\t\t\t\t<\/div>\n\t\t<\/div>\n\t\t\t\t\t<\/div>\n\t\t<\/section>\n\t\t\t\t<section class=\"elementor-section elementor-top-section elementor-element elementor-element-f0a28da elementor-section-boxed elementor-section-height-default elementor-section-height-default\" data-id=\"f0a28da\" data-element_type=\"section\" data-e-type=\"section\" data-settings=\"{&quot;background_background&quot;:&quot;classic&quot;}\">\n\t\t\t\t\t\t<div class=\"elementor-container elementor-column-gap-default\">\n\t\t\t\t\t<div class=\"elementor-column elementor-col-100 elementor-top-column elementor-element elementor-element-8113fe5\" data-id=\"8113fe5\" data-element_type=\"column\" data-e-type=\"column\">\n\t\t\t<div class=\"elementor-widget-wrap elementor-element-populated\">\n\t\t\t\t\t\t<div class=\"elementor-element elementor-element-0e1e209 elementor-widget elementor-widget-text-editor\" data-id=\"0e1e209\" data-element_type=\"widget\" data-e-type=\"widget\" data-widget_type=\"text-editor.default\">\n\t\t\t\t<div class=\"elementor-widget-container\">\n\t\t\t\t\t\t\t\t\t<h3>Kontaktformular<\/h3>\t\t\t\t\t\t\t\t<\/div>\n\t\t\t\t<\/div>\n\t\t\t\t\t<\/div>\n\t\t<\/div>\n\t\t\t\t\t<\/div>\n\t\t<\/section>\n\t\t\t\t<section class=\"elementor-section elementor-top-section elementor-element elementor-element-55ee159 elementor-section-boxed elementor-section-height-default elementor-section-height-default\" data-id=\"55ee159\" data-element_type=\"section\" data-e-type=\"section\" data-settings=\"{&quot;background_background&quot;:&quot;classic&quot;}\">\n\t\t\t\t\t\t<div class=\"elementor-container elementor-column-gap-default\">\n\t\t\t\t\t<div class=\"elementor-column elementor-col-100 elementor-top-column elementor-element elementor-element-b8f09dc\" data-id=\"b8f09dc\" data-element_type=\"column\" data-e-type=\"column\">\n\t\t\t<div class=\"elementor-widget-wrap elementor-element-populated\">\n\t\t\t\t\t\t<div class=\"elementor-element elementor-element-ba43ad3 elementor-button-align-start elementor-widget elementor-widget-form\" data-id=\"ba43ad3\" data-element_type=\"widget\" data-e-type=\"widget\" data-settings=\"{&quot;step_next_label&quot;:&quot;N\\u00e4chster&quot;,&quot;step_previous_label&quot;:&quot;Voriger&quot;,&quot;button_width&quot;:&quot;100&quot;,&quot;step_type&quot;:&quot;number_text&quot;,&quot;step_icon_shape&quot;:&quot;circle&quot;}\" data-widget_type=\"form.default\">\n\t\t\t\t<div class=\"elementor-widget-container\">\n\t\t\t\t\t\t\t<form class=\"elementor-form\" method=\"post\" name=\"Neues Formular\" aria-label=\"Neues Formular\">\n\t\t\t<input type=\"hidden\" name=\"post_id\" value=\"491\"\/>\n\t\t\t<input type=\"hidden\" name=\"form_id\" value=\"ba43ad3\"\/>\n\t\t\t<input type=\"hidden\" name=\"referer_title\" value=\"Kontakt\/Anfahrt - Hotel An der Philharmonie\" \/>\n\n\t\t\t\t\t\t\t<input type=\"hidden\" name=\"queried_id\" value=\"491\"\/>\n\t\t\t\n\t\t\t<div class=\"elementor-form-fields-wrapper elementor-labels-above\">\n\t\t\t\t\t\t\t\t<div class=\"elementor-field-type-text elementor-field-group elementor-column elementor-field-group-field_993222f elementor-col-33 elementor-field-required\">\n\t\t\t\t\t\t\t\t\t\t\t\t\t<input size=\"1\" type=\"text\" name=\"form_fields[field_993222f]\" id=\"form-field-field_993222f\" class=\"elementor-field elementor-size-sm  elementor-field-textual\" placeholder=\"Vorname*\" required=\"required\">\n\t\t\t\t\t\t\t\t\t\t\t<\/div>\n\t\t\t\t\t\t\t\t<div class=\"elementor-field-type-text elementor-field-group elementor-column elementor-field-group-name elementor-col-33 elementor-field-required\">\n\t\t\t\t\t\t\t\t\t\t\t\t\t<input size=\"1\" type=\"text\" name=\"form_fields[name]\" id=\"form-field-name\" class=\"elementor-field elementor-size-sm  elementor-field-textual\" placeholder=\"Name*\" required=\"required\">\n\t\t\t\t\t\t\t\t\t\t\t<\/div>\n\t\t\t\t\t\t\t\t<div class=\"elementor-field-type-text elementor-field-group elementor-column elementor-field-group-field_910c4c7 elementor-col-33\">\n\t\t\t\t\t\t\t\t\t\t\t\t\t<input size=\"1\" type=\"text\" name=\"form_fields[field_910c4c7]\" id=\"form-field-field_910c4c7\" class=\"elementor-field elementor-size-sm  elementor-field-textual\" placeholder=\"Firma\">\n\t\t\t\t\t\t\t\t\t\t\t<\/div>\n\t\t\t\t\t\t\t\t<div class=\"elementor-field-type-email elementor-field-group elementor-column elementor-field-group-email elementor-col-50 elementor-field-required\">\n\t\t\t\t\t\t\t\t\t\t\t\t\t<input size=\"1\" type=\"email\" name=\"form_fields[email]\" id=\"form-field-email\" class=\"elementor-field elementor-size-sm  elementor-field-textual\" placeholder=\"E-Mail*\" required=\"required\">\n\t\t\t\t\t\t\t\t\t\t\t<\/div>\n\t\t\t\t\t\t\t\t<div class=\"elementor-field-type-text\">\n\t\t\t\t\t<input size=\"1\" type=\"text\" name=\"form_fields[field_28a94a0]\" id=\"form-field-field_28a94a0\" class=\"elementor-field elementor-size-sm \" style=\"display:none !important;\">\t\t\t\t<\/div>\n\t\t\t\t\t\t\t\t<div class=\"elementor-field-type-tel elementor-field-group elementor-column elementor-field-group-field_349f9b1 elementor-col-50 elementor-field-required\">\n\t\t\t\t\t\t\t<input size=\"1\" type=\"tel\" name=\"form_fields[field_349f9b1]\" id=\"form-field-field_349f9b1\" class=\"elementor-field elementor-size-sm  elementor-field-textual\" placeholder=\"Telefon*\" required=\"required\" pattern=\"[0-9()#&amp;+*-=.]+\" title=\"Nur Nummern oder Telefon-Zeichen (#, -, *, etc) werden akzeptiert.\">\n\n\t\t\t\t\t\t<\/div>\n\t\t\t\t\t\t\t\t<div class=\"elementor-field-type-text\">\n\t\t\t\t\t<input size=\"1\" type=\"text\" name=\"form_fields[field_accbec0]\" id=\"form-field-field_accbec0\" class=\"elementor-field elementor-size-sm \" style=\"display:none !important;\">\t\t\t\t<\/div>\n\t\t\t\t\t\t\t\t<div class=\"elementor-field-type-text elementor-field-group elementor-column elementor-field-group-field_cb68dd9 elementor-col-33 elementor-field-required\">\n\t\t\t\t\t\t\t\t\t\t\t\t\t<input size=\"1\" type=\"text\" name=\"form_fields[field_cb68dd9]\" id=\"form-field-field_cb68dd9\" class=\"elementor-field elementor-size-sm  elementor-field-textual\" placeholder=\"Strasse*\" required=\"required\">\n\t\t\t\t\t\t\t\t\t\t\t<\/div>\n\t\t\t\t\t\t\t\t<div class=\"elementor-field-type-number elementor-field-group elementor-column elementor-field-group-field_df6621a elementor-col-33 elementor-field-required\">\n\t\t\t\t\t\t\t\t<input type=\"number\" name=\"form_fields[field_df6621a]\" id=\"form-field-field_df6621a\" class=\"elementor-field elementor-size-sm  elementor-field-textual\" placeholder=\"PLZ*\" required=\"required\" min=\"\" max=\"\" >\n\t\t\t\t\t\t<\/div>\n\t\t\t\t\t\t\t\t<div class=\"elementor-field-type-text elementor-field-group elementor-column elementor-field-group-field_46a5d13 elementor-col-33 elementor-field-required\">\n\t\t\t\t\t\t\t\t\t\t\t\t\t<input size=\"1\" type=\"text\" name=\"form_fields[field_46a5d13]\" id=\"form-field-field_46a5d13\" class=\"elementor-field elementor-size-sm  elementor-field-textual\" placeholder=\"Ort*\" required=\"required\">\n\t\t\t\t\t\t\t\t\t\t\t<\/div>\n\t\t\t\t\t\t\t\t<div class=\"elementor-field-type-textarea elementor-field-group elementor-column elementor-field-group-message elementor-col-100\">\n\t\t\t\t\t<textarea class=\"elementor-field-textual elementor-field  elementor-size-sm\" name=\"form_fields[message]\" id=\"form-field-message\" rows=\"4\" placeholder=\"Nachricht\"><\/textarea>\t\t\t\t<\/div>\n\t\t\t\t\t\t\t\t<div class=\"elementor-field-type-acceptance elementor-field-group elementor-column elementor-field-group-field_50e08a1 elementor-col-100 elementor-field-required\">\n\t\t\t\t\t\t\t<div class=\"elementor-field-subgroup\">\n\t\t\t<span class=\"elementor-field-option\">\n\t\t\t\t<input type=\"checkbox\" name=\"form_fields[field_50e08a1]\" id=\"form-field-field_50e08a1\" class=\"elementor-field elementor-size-sm  elementor-acceptance-field\" required=\"required\">\n\t\t\t\t<label for=\"form-field-field_50e08a1\">Ich gebe hiermit das Einverst\u00e4ndnis zur Verarbeitung meiner Daten gem\u00e4\u00df Datenschutzerkl\u00e4rung. Sie k\u00f6nnen die Speicherung Ihrer Daten jederzeit widerrufen, indem Sie uns eine E-Mail an info@hadpc.com zukommen lassen.<\/label>\t\t\t<\/span>\n\t\t<\/div>\n\t\t\t\t\t\t<\/div>\n\t\t\t\t\t\t\t\t<div class=\"elementor-field-type-text\">\n\t\t\t\t\t<input size=\"1\" type=\"text\" name=\"form_fields[field_504e1a0]\" id=\"form-field-field_504e1a0\" class=\"elementor-field elementor-size-sm \" style=\"display:none !important;\">\t\t\t\t<\/div>\n\t\t\t\t\t\t\t\t<div class=\"elementor-field-type-hcaptcha elementor-field-group elementor-column elementor-field-group-field_78b4df7 elementor-col-100\">\n\t\t\t\t\t<div class=\"elementor-field\" id=\"form-field-field_78b4df7\"><div class=\"elementor-hcaptcha\">\t\t<input\n\t\t\t\ttype=\"hidden\"\n\t\t\t\tclass=\"hcaptcha-widget-id\"\n\t\t\t\tname=\"hcaptcha-widget-id\"\n\t\t\t\tvalue=\"eyJzb3VyY2UiOlsiZWxlbWVudG9yLXByb1wvZWxlbWVudG9yLXByby5waHAiXSwiZm9ybV9pZCI6MH0=-6a52f08604514e4780e22dd51d6db7db\">\n\t\t\t\t<h-captcha\n\t\t\tclass=\"h-captcha\"\n\t\t\tdata-sitekey=\"81f61820-ccef-4f73-8301-0345a4ebe5cf\"\n\t\t\tdata-theme=\"light\"\n\t\t\tdata-size=\"normal\"\n\t\t\tdata-auto=\"false\"\n\t\t\tdata-ajax=\"false\"\n\t\t\tdata-force=\"false\">\n\t\t<\/h-captcha>\n\t\t<\/div><\/div>\t\t\t\t<\/div>\n\t\t\t\t\t\t\t\t<div class=\"elementor-field-group elementor-column elementor-field-type-submit elementor-col-100 e-form__buttons\">\n\t\t\t\t\t<button class=\"elementor-button elementor-size-sm\" type=\"submit\">\n\t\t\t\t\t\t<span class=\"elementor-button-content-wrapper\">\n\t\t\t\t\t\t\t\t\t\t\t\t\t\t\t\t\t\t\t\t\t\t<span class=\"elementor-button-text\">Senden<\/span>\n\t\t\t\t\t\t\t\t\t\t\t\t\t<\/span>\n\t\t\t\t\t<\/button>\n\t\t\t\t<\/div>\n\t\t\t<\/div>\n\t\t<\/form>\n\t\t\t\t\t\t<\/div>\n\t\t\t\t<\/div>\n\t\t\t\t<div class=\"elementor-element elementor-element-ce8edb7 elementor-widget elementor-widget-text-editor\" data-id=\"ce8edb7\" data-element_type=\"widget\" data-e-type=\"widget\" data-widget_type=\"text-editor.default\">\n\t\t\t\t<div class=\"elementor-widget-container\">\n\t\t\t\t\t\t\t\t\t<p>* Pflichtfelder<\/p>\t\t\t\t\t\t\t\t<\/div>\n\t\t\t\t<\/div>\n\t\t\t\t\t<\/div>\n\t\t<\/div>\n\t\t\t\t\t<\/div>\n\t\t<\/section>\n\t\t\t\t<section class=\"elementor-section elementor-top-section elementor-element elementor-element-d1d809e elementor-section-full_width elementor-section-height-default elementor-section-height-default\" data-id=\"d1d809e\" data-element_type=\"section\" data-e-type=\"section\">\n\t\t\t\t\t\t<div class=\"elementor-container elementor-column-gap-default\">\n\t\t\t\t\t<div class=\"elementor-column elementor-col-100 elementor-top-column elementor-element elementor-element-7abe4b9\" data-id=\"7abe4b9\" data-element_type=\"column\" data-e-type=\"column\">\n\t\t\t<div class=\"elementor-widget-wrap elementor-element-populated\">\n\t\t\t\t\t\t<div class=\"elementor-element elementor-element-5874850 elementor-widget elementor-widget-google_maps\" data-id=\"5874850\" data-element_type=\"widget\" data-e-type=\"widget\" data-widget_type=\"google_maps.default\">\n\t\t\t\t<div class=\"elementor-widget-container\">\n\t\t\t\t\t\t\t<div class=\"elementor-custom-embed\">\n\t\t\t<iframe loading=\"lazy\"\n\t\t\t\t\tsrc=\"https:\/\/maps.google.com\/maps?q=Hotel%20an%20der%20Philharmonie%2C%20Gro%C3%9Fe%20Neugasse%2036-38%2C%2050667%20K%C3%B6ln&#038;t=m&#038;z=16&#038;output=embed&#038;iwloc=near\"\n\t\t\t\t\ttitle=\"Hotel an der Philharmonie, Gro\u00dfe Neugasse 36-38, 50667 K\u00f6ln\"\n\t\t\t\t\taria-label=\"Hotel an der Philharmonie, Gro\u00dfe Neugasse 36-38, 50667 K\u00f6ln\"\n\t\t\t><\/iframe>\n\t\t<\/div>\n\t\t\t\t\t\t<\/div>\n\t\t\t\t<\/div>\n\t\t\t\t\t<\/div>\n\t\t<\/div>\n\t\t\t\t\t<\/div>\n\t\t<\/section>\n\t\t\t\t<\/div>\n\t\t","protected":false},"excerpt":{"rendered":"<p>Fragen und Anregungen unserer G\u00e4ste sind jederzeit willkommen. Nehmen Sie gerne Kontakt mit uns auf. HOTEL AN DER PHILHARMONIEGro\u00dfe Neugasse 36-38 | 50676 K\u00f6lnTelefon: +49 (0)221 &#8211; 258 06 79info@hadpc.com Kontaktformular * Pflichtfelder<\/p>","protected":false},"author":2,"featured_media":0,"parent":0,"menu_order":0,"comment_status":"closed","ping_status":"closed","template":"elementor_header_footer","meta":{"footnotes":""},"class_list":["post-491","page","type-page","status-publish","hentry"],"yoast_head":"<!-- This site is optimized with the Yoast SEO plugin v27.5 - https:\/\/yoast.com\/product\/yoast-seo-wordpress\/ -->\n<title>Kontakt\/Anfahrt - Hotel An der Philharmonie<\/title>\n<meta name=\"robots\" content=\"index, follow, max-snippet:-1, max-image-preview:large, max-video-preview:-1\" \/>\n<link rel=\"canonical\" href=\"https:\/\/www.hadpc.com\/en\/kontakt-anfahrt\/\" \/>\n<meta property=\"og:locale\" content=\"en_GB\" \/>\n<meta property=\"og:type\" content=\"article\" \/>\n<meta property=\"og:title\" content=\"Kontakt\/Anfahrt - Hotel An der Philharmonie\" \/>\n<meta property=\"og:description\" content=\"Fragen und Anregungen unserer G\u00e4ste sind jederzeit willkommen. Nehmen Sie gerne Kontakt mit uns auf. HOTEL AN DER PHILHARMONIEGro\u00dfe Neugasse 36-38 | 50676 K\u00f6lnTelefon: +49 (0)221 &#8211; 258 06 79info@hadpc.com Kontaktformular * Pflichtfelder\" \/>\n<meta property=\"og:url\" content=\"https:\/\/www.hadpc.com\/en\/kontakt-anfahrt\/\" \/>\n<meta property=\"og:site_name\" content=\"Hotel An der Philharmonie\" \/>\n<meta property=\"article:modified_time\" content=\"2023-12-18T12:23:01+00:00\" \/>\n<meta name=\"twitter:card\" content=\"summary_large_image\" \/>\n<meta name=\"twitter:label1\" content=\"Estimated reading time\" \/>\n\t<meta name=\"twitter:data1\" content=\"1 minute\" \/>\n<script type=\"application\/ld+json\" class=\"yoast-schema-graph\">{\"@context\":\"https:\\\/\\\/schema.org\",\"@graph\":[{\"@type\":\"WebPage\",\"@id\":\"https:\\\/\\\/www.hadpc.com\\\/kontakt-anfahrt\\\/\",\"url\":\"https:\\\/\\\/www.hadpc.com\\\/kontakt-anfahrt\\\/\",\"name\":\"Kontakt\\\/Anfahrt - Hotel An der Philharmonie\",\"isPartOf\":{\"@id\":\"https:\\\/\\\/www.hadpc.com\\\/#website\"},\"datePublished\":\"2020-10-08T18:25:59+00:00\",\"dateModified\":\"2023-12-18T12:23:01+00:00\",\"breadcrumb\":{\"@id\":\"https:\\\/\\\/www.hadpc.com\\\/kontakt-anfahrt\\\/#breadcrumb\"},\"inLanguage\":\"en-GB\",\"potentialAction\":[{\"@type\":\"ReadAction\",\"target\":[\"https:\\\/\\\/www.hadpc.com\\\/kontakt-anfahrt\\\/\"]}]},{\"@type\":\"BreadcrumbList\",\"@id\":\"https:\\\/\\\/www.hadpc.com\\\/kontakt-anfahrt\\\/#breadcrumb\",\"itemListElement\":[{\"@type\":\"ListItem\",\"position\":1,\"name\":\"Startseite\",\"item\":\"https:\\\/\\\/www.hadpc.com\\\/\"},{\"@type\":\"ListItem\",\"position\":2,\"name\":\"Kontakt\\\/Anfahrt\"}]},{\"@type\":\"WebSite\",\"@id\":\"https:\\\/\\\/www.hadpc.com\\\/#website\",\"url\":\"https:\\\/\\\/www.hadpc.com\\\/\",\"name\":\"Hotel An der Philharmonie\",\"description\":\"Hotel An der Philharmonie in K\u00f6ln\",\"publisher\":{\"@id\":\"https:\\\/\\\/www.hadpc.com\\\/#organization\"},\"potentialAction\":[{\"@type\":\"SearchAction\",\"target\":{\"@type\":\"EntryPoint\",\"urlTemplate\":\"https:\\\/\\\/www.hadpc.com\\\/?s={search_term_string}\"},\"query-input\":{\"@type\":\"PropertyValueSpecification\",\"valueRequired\":true,\"valueName\":\"search_term_string\"}}],\"inLanguage\":\"en-GB\"},{\"@type\":\"Organization\",\"@id\":\"https:\\\/\\\/www.hadpc.com\\\/#organization\",\"name\":\"Hotel An der Philharmonie\",\"url\":\"https:\\\/\\\/www.hadpc.com\\\/\",\"logo\":{\"@type\":\"ImageObject\",\"inLanguage\":\"en-GB\",\"@id\":\"https:\\\/\\\/www.hadpc.com\\\/#\\\/schema\\\/logo\\\/image\\\/\",\"url\":\"https:\\\/\\\/www.hadpc.com\\\/wp-content\\\/uploads\\\/2020\\\/10\\\/logo_an_der_philharmonie_weiss.png\",\"contentUrl\":\"https:\\\/\\\/www.hadpc.com\\\/wp-content\\\/uploads\\\/2020\\\/10\\\/logo_an_der_philharmonie_weiss.png\",\"width\":459,\"height\":90,\"caption\":\"Hotel An der Philharmonie\"},\"image\":{\"@id\":\"https:\\\/\\\/www.hadpc.com\\\/#\\\/schema\\\/logo\\\/image\\\/\"}}]}<\/script>\n<!-- \/ Yoast SEO plugin. -->","yoast_head_json":{"title":"Kontakt\/Anfahrt - Hotel An der Philharmonie","robots":{"index":"index","follow":"follow","max-snippet":"max-snippet:-1","max-image-preview":"max-image-preview:large","max-video-preview":"max-video-preview:-1"},"canonical":"https:\/\/www.hadpc.com\/en\/kontakt-anfahrt\/","og_locale":"en_GB","og_type":"article","og_title":"Kontakt\/Anfahrt - Hotel An der Philharmonie","og_description":"Fragen und Anregungen unserer G\u00e4ste sind jederzeit willkommen. Nehmen Sie gerne Kontakt mit uns auf. HOTEL AN DER PHILHARMONIEGro\u00dfe Neugasse 36-38 | 50676 K\u00f6lnTelefon: +49 (0)221 &#8211; 258 06 79info@hadpc.com Kontaktformular * Pflichtfelder","og_url":"https:\/\/www.hadpc.com\/en\/kontakt-anfahrt\/","og_site_name":"Hotel An der Philharmonie","article_modified_time":"2023-12-18T12:23:01+00:00","twitter_card":"summary_large_image","twitter_misc":{"Estimated reading time":"1 minute"},"schema":{"@context":"https:\/\/schema.org","@graph":[{"@type":"WebPage","@id":"https:\/\/www.hadpc.com\/kontakt-anfahrt\/","url":"https:\/\/www.hadpc.com\/kontakt-anfahrt\/","name":"Kontakt\/Anfahrt - Hotel An der Philharmonie","isPartOf":{"@id":"https:\/\/www.hadpc.com\/#website"},"datePublished":"2020-10-08T18:25:59+00:00","dateModified":"2023-12-18T12:23:01+00:00","breadcrumb":{"@id":"https:\/\/www.hadpc.com\/kontakt-anfahrt\/#breadcrumb"},"inLanguage":"en-GB","potentialAction":[{"@type":"ReadAction","target":["https:\/\/www.hadpc.com\/kontakt-anfahrt\/"]}]},{"@type":"BreadcrumbList","@id":"https:\/\/www.hadpc.com\/kontakt-anfahrt\/#breadcrumb","itemListElement":[{"@type":"ListItem","position":1,"name":"Startseite","item":"https:\/\/www.hadpc.com\/"},{"@type":"ListItem","position":2,"name":"Kontakt\/Anfahrt"}]},{"@type":"WebSite","@id":"https:\/\/www.hadpc.com\/#website","url":"https:\/\/www.hadpc.com\/","name":"Hotel An der Philharmonie","description":"Hotel An der Philharmonie in K\u00f6ln","publisher":{"@id":"https:\/\/www.hadpc.com\/#organization"},"potentialAction":[{"@type":"SearchAction","target":{"@type":"EntryPoint","urlTemplate":"https:\/\/www.hadpc.com\/?s={search_term_string}"},"query-input":{"@type":"PropertyValueSpecification","valueRequired":true,"valueName":"search_term_string"}}],"inLanguage":"en-GB"},{"@type":"Organization","@id":"https:\/\/www.hadpc.com\/#organization","name":"Hotel An der Philharmonie","url":"https:\/\/www.hadpc.com\/","logo":{"@type":"ImageObject","inLanguage":"en-GB","@id":"https:\/\/www.hadpc.com\/#\/schema\/logo\/image\/","url":"https:\/\/www.hadpc.com\/wp-content\/uploads\/2020\/10\/logo_an_der_philharmonie_weiss.png","contentUrl":"https:\/\/www.hadpc.com\/wp-content\/uploads\/2020\/10\/logo_an_der_philharmonie_weiss.png","width":459,"height":90,"caption":"Hotel An der Philharmonie"},"image":{"@id":"https:\/\/www.hadpc.com\/#\/schema\/logo\/image\/"}}]}},"_links":{"self":[{"href":"https:\/\/www.hadpc.com\/en\/wp-json\/wp\/v2\/pages\/491","targetHints":{"allow":["GET"]}}],"collection":[{"href":"https:\/\/www.hadpc.com\/en\/wp-json\/wp\/v2\/pages"}],"about":[{"href":"https:\/\/www.hadpc.com\/en\/wp-json\/wp\/v2\/types\/page"}],"author":[{"embeddable":true,"href":"https:\/\/www.hadpc.com\/en\/wp-json\/wp\/v2\/users\/2"}],"replies":[{"embeddable":true,"href":"https:\/\/www.hadpc.com\/en\/wp-json\/wp\/v2\/comments?post=491"}],"version-history":[{"count":134,"href":"https:\/\/www.hadpc.com\/en\/wp-json\/wp\/v2\/pages\/491\/revisions"}],"predecessor-version":[{"id":2982,"href":"https:\/\/www.hadpc.com\/en\/wp-json\/wp\/v2\/pages\/491\/revisions\/2982"}],"wp:attachment":[{"href":"https:\/\/www.hadpc.com\/en\/wp-json\/wp\/v2\/media?parent=491"}],"curies":[{"name":"wp","href":"https:\/\/api.w.org\/{rel}","templated":true}]}}